{"id":261,"date":"2018-05-03T00:20:21","date_gmt":"2018-05-02T22:20:21","guid":{"rendered":"http:\/\/dev.fondationpierrefabre.org\/?page_id=261"},"modified":"2026-01-14T15:16:23","modified_gmt":"2026-01-14T14:16:23","slug":"organisation","status":"publish","type":"page","link":"https:\/\/www.fondationpierrefabre.org\/fr\/connaitre-la-fondation\/organisation\/","title":{"rendered":"Organisation"},"content":{"rendered":"<p><div class=\"fusion-fullwidth fullwidth-box fusion-builder-row-1 hundred-percent-fullwidth non-hundred-percent-height-scrolling\" style=\"--awb-border-radius-top-left:0px;--awb-border-radius-top-right:0px;--awb-border-radius-bottom-right:0px;--awb-border-radius-bottom-left:0px;--awb-background-color:#f2f2f2;--awb-flex-wrap:wrap;\" ><div class=\"fusion-builder-row fusion-row\"><div class=\"fusion-layout-column fusion_builder_column fusion-builder-column-0 fusion_builder_column_1_1 1_1 fusion-one-full fusion-column-first fusion-column-last\" style=\"--awb-bg-size:cover;\"><div class=\"fusion-column-wrapper fusion-flex-column-wrapper-legacy\"><div class=\"fusion-text fusion-text-1\"><h1 style=\"text-align: center;\">La gouvernance de la Fondation<\/h1>\n<\/div><div class=\"fusion-clearfix\"><\/div><\/div><\/div><\/div><\/div><div class=\"fusion-fullwidth fullwidth-box fusion-builder-row-2 has-pattern-background has-mask-background fusion-parallax-none nonhundred-percent-fullwidth non-hundred-percent-height-scrolling fusion-no-small-visibility lazyload\" style=\"--awb-border-radius-top-left:0px;--awb-border-radius-top-right:0px;--awb-border-radius-bottom-right:0px;--awb-border-radius-bottom-left:0px;--awb-margin-bottom:0px;--awb-background-size:cover;--awb-flex-wrap:wrap;\" data-bg=\"https:\/\/www.fondationpierrefabre.org\/wp-content\/uploads\/sites\/2\/2024\/04\/Organisation.jpg\" ><div class=\"fusion-builder-row fusion-row\"><div class=\"fusion-layout-column fusion_builder_column fusion-builder-column-1 fusion_builder_column_1_1 1_1 fusion-one-full fusion-column-first fusion-column-last\" style=\"--awb-bg-size:cover;--awb-margin-top:305px;--awb-margin-bottom:305px;\"><div class=\"fusion-column-wrapper fusion-flex-column-wrapper-legacy\"><div class=\"fusion-clearfix\"><\/div><\/div><\/div><\/div><\/div><div class=\"fusion-fullwidth fullwidth-box fusion-builder-row-3 hundred-percent-fullwidth non-hundred-percent-height-scrolling fusion-no-medium-visibility fusion-no-large-visibility\" style=\"--awb-border-radius-top-left:0px;--awb-border-radius-top-right:0px;--awb-border-radius-bottom-right:0px;--awb-border-radius-bottom-left:0px;--awb-background-color:#f2f2f2;--awb-flex-wrap:wrap;\" ><div class=\"fusion-builder-row fusion-row\"><div class=\"fusion-layout-column fusion_builder_column fusion-builder-column-2 fusion_builder_column_1_1 1_1 fusion-one-full fusion-column-first fusion-column-last\" style=\"--awb-bg-size:cover;\"><div class=\"fusion-column-wrapper fusion-flex-column-wrapper-legacy\"><div class=\"fusion-image-element fusion-no-medium-visibility fusion-no-large-visibility in-legacy-container\" style=\"--awb-caption-title-font-family:var(--h2_typography-font-family);--awb-caption-title-font-weight:var(--h2_typography-font-weight);--awb-caption-title-font-style:var(--h2_typography-font-style);--awb-caption-title-size:var(--h2_typography-font-size);--awb-caption-title-transform:var(--h2_typography-text-transform);--awb-caption-title-line-height:var(--h2_typography-line-height);--awb-caption-title-letter-spacing:var(--h2_typography-letter-spacing);\"><span class=\" fusion-imageframe imageframe-none imageframe-1 hover-type-none\"><img decoding=\"async\" width=\"1200\" height=\"798\" title=\"OrganisationBD\" src=\"https:\/\/www.fondationpierrefabre.org\/wp-content\/uploads\/sites\/2\/2024\/04\/OrganisationBD.jpg\" data-orig-src=\"https:\/\/www.fondationpierrefabre.org\/wp-content\/uploads\/sites\/2\/2024\/04\/OrganisationBD.jpg\" alt class=\"lazyload img-responsive wp-image-15594\" srcset=\"data:image\/svg+xml,%3Csvg%20xmlns%3D%27http%3A%2F%2Fwww.w3.org%2F2000%2Fsvg%27%20width%3D%271200%27%20height%3D%27798%27%20viewBox%3D%270%200%201200%20798%27%3E%3Crect%20width%3D%271200%27%20height%3D%27798%27%20fill-opacity%3D%220%22%2F%3E%3C%2Fsvg%3E\" data-srcset=\"https:\/\/www.fondationpierrefabre.org\/wp-content\/uploads\/sites\/2\/2024\/04\/OrganisationBD-200x133.jpg 200w, https:\/\/www.fondationpierrefabre.org\/wp-content\/uploads\/sites\/2\/2024\/04\/OrganisationBD-400x266.jpg 400w, https:\/\/www.fondationpierrefabre.org\/wp-content\/uploads\/sites\/2\/2024\/04\/OrganisationBD-600x399.jpg 600w, https:\/\/www.fondationpierrefabre.org\/wp-content\/uploads\/sites\/2\/2024\/04\/OrganisationBD-800x532.jpg 800w, https:\/\/www.fondationpierrefabre.org\/wp-content\/uploads\/sites\/2\/2024\/04\/OrganisationBD.jpg 1200w\" data-sizes=\"auto\" data-orig-sizes=\"(max-width: 800px) 100vw, 1200px\" \/><\/span><\/div><div class=\"fusion-clearfix\"><\/div><\/div><\/div><\/div><\/div><div class=\"fusion-fullwidth fullwidth-box fusion-builder-row-4 nonhundred-percent-fullwidth non-hundred-percent-height-scrolling\" style=\"--awb-border-radius-top-left:0px;--awb-border-radius-top-right:0px;--awb-border-radius-bottom-right:0px;--awb-border-radius-bottom-left:0px;--awb-margin-top:40px;--awb-flex-wrap:wrap;\" ><div class=\"fusion-builder-row fusion-row\"><div class=\"fusion-layout-column fusion_builder_column fusion-builder-column-3 fusion_builder_column_1_1 1_1 fusion-one-full fusion-column-first fusion-column-last\" style=\"--awb-bg-size:cover;\"><div class=\"fusion-column-wrapper fusion-flex-column-wrapper-legacy\"><div class=\"fusion-text fusion-text-2\"><h2>LE CONSEIL D&rsquo;ADMINISTRATION<\/h2>\n<h4><span style=\"color: #14769e;\">La Fondation Pierre Fabre est administr\u00e9e par un Conseil d&rsquo;Administration qui se r\u00e9unit au moins 2 fois par an. Il d\u00e9finit les grandes orientations, valide les projets strat\u00e9giques et veille \u00e0 la bonne gestion. Il est compos\u00e9 de 14 membres divis\u00e9s en 3 coll\u00e8ges :\u00a0<\/span><\/h4>\n<p><span style=\"font-size: 14pt;\"><strong>Coll\u00e8ge des Fondateurs<\/strong><\/span><\/p>\n<ul>\n<li><strong>M. Pierre-Yves Revol<\/strong>, Pr\u00e9sident<\/li>\n<li><strong>M. Jacques Fabre<\/strong>, Secr\u00e9taire et ex-Directeur g\u00e9n\u00e9ral de soci\u00e9t\u00e9s<\/li>\n<li><strong>M. Jacques Godfrain<\/strong>, Tr\u00e9sorier, ancien Ministre de la Coop\u00e9ration<\/li>\n<li><strong>Mme Huong Mangin<\/strong>, Directrice g\u00e9n\u00e9rale de soci\u00e9t\u00e9s<\/li>\n<li><strong>M. Bertrand Parmentier<\/strong>,\u00a0ex-Directeur g\u00e9n\u00e9ral de soci\u00e9t\u00e9s<\/li>\n<li><strong>Mme Nathalie Delapalme<\/strong>, Directrice g\u00e9n\u00e9rale de la Fondation Mo Ibrahim<\/li>\n<\/ul>\n<p><span style=\"font-size: 14pt;\"><strong>Membres de Droit<\/strong><\/span><\/p>\n<ul>\n<li>\n<div role=\"presentation\"><strong>M. Simon Bertoux<\/strong>, repr\u00e9sentant du Ministre de l\u2019Int\u00e9rieur, Pr\u00e9fet du Tarn<\/div>\n<\/li>\n<li><strong>M. Christophe Farnaud, <\/strong>Ambassadeur, D\u00e9l\u00e9gation de l&rsquo;Union europ\u00e9enne en Arabie Saoudite, au Bahre\u00efn et \u00e0 Oman<\/li>\n<\/ul>\n<p><span style=\"font-size: 14pt;\"><strong>Membres coopt\u00e9s<\/strong><\/span><\/p>\n<ul>\n<li><strong>M. Elrick Irastorza<\/strong>,\u00a0G\u00e9n\u00e9ral d&rsquo;arm\u00e9e<\/li>\n<li><strong>M. Luong N\u2019Guyen<\/strong>, Docteur en m\u00e9decine, sp\u00e9cialis\u00e9 en ophtalmologie<\/li>\n<li><strong>M. Serge Resnikoff<\/strong>, Professeur, Ophtalmologue, expert en sant\u00e9 mondiale<\/li>\n<li><strong>M. Fr\u00e9d\u00e9ric de Saint-Sernin<\/strong>, Pr\u00e9sident d&rsquo;ACTED<\/li>\n<li><strong>Mme \u00c9lisabeth Hubert<\/strong>, Pr\u00e9sidente de la F\u00e9d\u00e9ration nationale des \u00e9tablissements d\u2019hospitalisation \u00e0 domicile (FNEHAD)<\/li>\n<li><strong>M. Alexandre M\u00e9rieux<\/strong>, Pr\u00e9sident du Conseil d\u2019administration de bioM\u00e9rieux, vice-pr\u00e9sident de l\u2019Institut M\u00e9rieux et membre du Conseil de la Fondation M\u00e9rieux<\/li>\n<\/ul>\n<\/div><div class=\"fusion-clearfix\"><\/div><\/div><\/div><\/div><\/div><div class=\"fusion-fullwidth fullwidth-box fusion-builder-row-5 nonhundred-percent-fullwidth non-hundred-percent-height-scrolling\" style=\"--awb-border-radius-top-left:0px;--awb-border-radius-top-right:0px;--awb-border-radius-bottom-right:0px;--awb-border-radius-bottom-left:0px;--awb-margin-top:50px;--awb-flex-wrap:wrap;\" ><div class=\"fusion-builder-row fusion-row\"><div class=\"fusion-layout-column fusion_builder_column fusion-builder-column-4 fusion_builder_column_1_1 1_1 fusion-one-full fusion-column-first fusion-column-last\" style=\"--awb-bg-size:cover;\"><div class=\"fusion-column-wrapper fusion-flex-column-wrapper-legacy\"><div class=\"fusion-text fusion-text-3\"><h2>LA DIRECTION<\/h2>\n<h4><span style=\"color: #22789c;\">L&rsquo;\u00e9quipe de direction, sous l&rsquo;impulsion de la Directrice G\u00e9n\u00e9rale, propose des programmes et des actions au Conseil d&rsquo;Administration et assure la mise en place, la coordination et le suivi des programmes.<\/span><\/h4>\n<p><span style=\"font-size: 14pt;\"><strong>L\u2019\u00e9quipe de Direction<\/strong><\/span><\/p>\n<ul>\n<li><strong>Mme B\u00e9atrice Garrette<\/strong>, Directrice g\u00e9n\u00e9rale<\/li>\n<li><strong>Mme Elodie Montagn\u00e9-Moulis<\/strong>, Secr\u00e9taire g\u00e9n\u00e9rale<\/li>\n<li><strong>M. Christophe Przybylski<\/strong>, Directeur scientifique<\/li>\n<li><strong>Mme Solenne Barbe<\/strong>, Directrice Programmes<\/li>\n<\/ul>\n<\/div><div class=\"fusion-clearfix\"><\/div><\/div><\/div><\/div><\/div><div class=\"fusion-fullwidth fullwidth-box fusion-builder-row-6 nonhundred-percent-fullwidth non-hundred-percent-height-scrolling\" style=\"--awb-border-radius-top-left:0px;--awb-border-radius-top-right:0px;--awb-border-radius-bottom-right:0px;--awb-border-radius-bottom-left:0px;--awb-margin-top:50px;--awb-margin-bottom:25px;--awb-flex-wrap:wrap;\" ><div class=\"fusion-builder-row fusion-row\"><div class=\"fusion-layout-column fusion_builder_column fusion-builder-column-5 fusion_builder_column_1_1 1_1 fusion-one-full fusion-column-first fusion-column-last\" style=\"--awb-bg-size:cover;\"><div class=\"fusion-column-wrapper fusion-flex-column-wrapper-legacy\"><div class=\"fusion-text fusion-text-4\"><h2>LE COMIT\u00c9 SCIENTIFIQUE<\/h2>\n<h4><span style=\"color: #22789c;\">Constitu\u00e9 de personnalit\u00e9s scientifiques, le Comit\u00e9 Scientifique propose et donne un avis consultatif sur les grandes orientations et le programme d&rsquo;action.<\/span><\/h4>\n<ul>\n<li><strong>Pr\u00e9sident,\u00a0<\/strong><strong>Professeur Serge Resnikoff<\/strong>, Ophtalmologue, expert en sant\u00e9 mondiale<\/li>\n<li><strong>Professeur Dapa Diallo<\/strong>, H\u00e9matologue \u2013 ancien Directeur g\u00e9n\u00e9ral du CRLD de Bamako (Mali)<\/li>\n<li><strong>Professeur Marc Gentilini<\/strong>, M\u00e9decin sp\u00e9cialiste des maladies infectieuses et tropicales, Professeur \u00e9m\u00e9rite des maladies infectieuses, h\u00f4pital de la Piti\u00e9 Salp\u00eatri\u00e8re, Paris, membre de l\u2019Acad\u00e9mie de M\u00e9decine qu\u2019il a pr\u00e9sid\u00e9e en 2008, Pr\u00e9sident fondateur de l\u2019Organisation Panafricaine de Lutte pour la Sant\u00e9 (OPALS), Pr\u00e9sident de la Croix-Rouge fran\u00e7aise de 1997 \u00e0 2004<\/li>\n<li><strong>Professeur G\u00e9rard Lorette<\/strong>, Professeur \u00e9m\u00e9rite en dermatologie<\/li>\n<li><strong>Professeur Michel Vidal<\/strong>, Pharmacochimiste &#8211; Professeur en chimie th\u00e9rapeutique, UMR CNRS 8038, U 1268 INSERM \u2013 Universit\u00e9 de Paris Facult\u00e9 de pharmacie<\/li>\n<li><strong>Docteur Claire Rieux<\/strong>, H\u00e9matologue \u00e0 l&rsquo;h\u00f4pital Henri Mondor, sp\u00e9cialis\u00e9e en \u00e9pid\u00e9miologie et en m\u00e9decine humanitaire<\/li>\n<li><strong>Dr Cohen Solal, <\/strong>Pr\u00e9sident, DARGIA Conseils<\/li>\n<li><strong>Docteur Bernard Vallat<\/strong>, V\u00e9t\u00e9rinaire, ancien Directeur g\u00e9n\u00e9ral de l\u2019Organisation mondiale de la sant\u00e9 animale<\/li>\n<\/ul>\n<p><em>Toutes les fonctions de membres du Conseil d&rsquo;Administration et de membres du Comit\u00e9 Scientifique sont exerc\u00e9es \u00e0 titre b\u00e9n\u00e9vole.<\/em><\/p>\n<\/div><div class=\"fusion-clearfix\"><\/div><\/div><\/div><\/div><\/div><\/p>\n","protected":false},"excerpt":{"rendered":"","protected":false},"author":2,"featured_media":0,"parent":3051,"menu_order":0,"comment_status":"closed","ping_status":"closed","template":"100-width.php","meta":{"_acf_changed":false,"footnotes":""},"categories":[],"tags":[],"class_list":["post-261","page","type-page","status-publish","hentry"],"acf":[],"yoast_head":"<!-- This site is optimized with the Yoast SEO plugin v27.2 - https:\/\/yoast.com\/product\/yoast-seo-wordpress\/ -->\n<title>La gouvernance de la Fondation | Fondation Pierre Fabre<\/title>\n<meta name=\"description\" content=\"D\u00e9couvrez la gouvernance de la Fondation Pierre Fabre, son Conseil d&#039;administration, sa Direction et son Comit\u00e9 scientifique.\" \/>\n<meta name=\"robots\" content=\"index, follow, max-snippet:-1, max-image-preview:large, max-video-preview:-1\" \/>\n<link rel=\"canonical\" href=\"https:\/\/www.fondationpierrefabre.org\/fr\/connaitre-la-fondation\/organisation\/\" \/>\n<meta property=\"og:locale\" content=\"fr_FR\" \/>\n<meta property=\"og:type\" content=\"article\" \/>\n<meta property=\"og:title\" content=\"La gouvernance de la Fondation | Fondation Pierre Fabre\" \/>\n<meta property=\"og:description\" content=\"D\u00e9couvrez la gouvernance de la Fondation Pierre Fabre, son Conseil d&#039;administration, sa Direction et son Comit\u00e9 scientifique.\" \/>\n<meta property=\"og:url\" content=\"https:\/\/www.fondationpierrefabre.org\/fr\/connaitre-la-fondation\/organisation\/\" \/>\n<meta property=\"og:site_name\" content=\"Fondation Pierre Fabre\" \/>\n<meta property=\"article:publisher\" content=\"https:\/\/www.facebook.com\/FondationPierreFabre\/\" \/>\n<meta property=\"article:modified_time\" content=\"2026-01-14T14:16:23+00:00\" \/>\n<meta property=\"og:image\" content=\"https:\/\/www.fondationpierrefabre.org\/wp-content\/uploads\/sites\/2\/2018\/04\/fondation-pierre-fabre-logo.png\" \/>\n\t<meta property=\"og:image:width\" content=\"240\" \/>\n\t<meta property=\"og:image:height\" content=\"60\" \/>\n\t<meta property=\"og:image:type\" content=\"image\/png\" \/>\n<meta name=\"twitter:card\" content=\"summary_large_image\" \/>\n<meta name=\"twitter:site\" content=\"@FondationPFabre\" \/>\n<meta name=\"twitter:label1\" content=\"Dur\u00e9e de lecture estim\u00e9e\" \/>\n\t<meta name=\"twitter:data1\" content=\"7 minutes\" \/>\n<script type=\"application\/ld+json\" class=\"yoast-schema-graph\">{\"@context\":\"https:\/\/schema.org\",\"@graph\":[{\"@type\":\"WebPage\",\"@id\":\"https:\/\/www.fondationpierrefabre.org\/fr\/connaitre-la-fondation\/organisation\/\",\"url\":\"https:\/\/www.fondationpierrefabre.org\/fr\/connaitre-la-fondation\/organisation\/\",\"name\":\"La gouvernance de la Fondation | Fondation Pierre Fabre\",\"isPartOf\":{\"@id\":\"https:\/\/www.fondationpierrefabre.org\/fr\/#website\"},\"datePublished\":\"2018-05-02T22:20:21+00:00\",\"dateModified\":\"2026-01-14T14:16:23+00:00\",\"description\":\"D\u00e9couvrez la gouvernance de la Fondation Pierre Fabre, son Conseil d'administration, sa Direction et son Comit\u00e9 scientifique.\",\"breadcrumb\":{\"@id\":\"https:\/\/www.fondationpierrefabre.org\/fr\/connaitre-la-fondation\/organisation\/#breadcrumb\"},\"inLanguage\":\"fr-FR\",\"potentialAction\":[{\"@type\":\"ReadAction\",\"target\":[\"https:\/\/www.fondationpierrefabre.org\/fr\/connaitre-la-fondation\/organisation\/\"]}]},{\"@type\":\"BreadcrumbList\",\"@id\":\"https:\/\/www.fondationpierrefabre.org\/fr\/connaitre-la-fondation\/organisation\/#breadcrumb\",\"itemListElement\":[{\"@type\":\"ListItem\",\"position\":1,\"name\":\"\",\"item\":\"https:\/\/www.fondationpierrefabre.org\/fr\/\"},{\"@type\":\"ListItem\",\"position\":2,\"name\":\"Conna\u00eetre la fondation\",\"item\":\"https:\/\/www.fondationpierrefabre.org\/fr\/connaitre-la-fondation\/\"},{\"@type\":\"ListItem\",\"position\":3,\"name\":\"Organisation\"}]},{\"@type\":\"WebSite\",\"@id\":\"https:\/\/www.fondationpierrefabre.org\/fr\/#website\",\"url\":\"https:\/\/www.fondationpierrefabre.org\/fr\/\",\"name\":\"Fondation Pierre Fabre\",\"description\":\"Acc\u00e8s aux soins de qualit\u00e9 pour tous\",\"publisher\":{\"@id\":\"https:\/\/www.fondationpierrefabre.org\/fr\/#organization\"},\"potentialAction\":[{\"@type\":\"SearchAction\",\"target\":{\"@type\":\"EntryPoint\",\"urlTemplate\":\"https:\/\/www.fondationpierrefabre.org\/fr\/?s={search_term_string}\"},\"query-input\":{\"@type\":\"PropertyValueSpecification\",\"valueRequired\":true,\"valueName\":\"search_term_string\"}}],\"inLanguage\":\"fr-FR\"},{\"@type\":\"Organization\",\"@id\":\"https:\/\/www.fondationpierrefabre.org\/fr\/#organization\",\"name\":\"Fondation Pierre Fabre\",\"alternateName\":\"FPF\",\"url\":\"https:\/\/www.fondationpierrefabre.org\/fr\/\",\"logo\":{\"@type\":\"ImageObject\",\"inLanguage\":\"fr-FR\",\"@id\":\"https:\/\/www.fondationpierrefabre.org\/fr\/#\/schema\/logo\/image\/\",\"url\":\"https:\/\/www.fondationpierrefabre.org\/wp-content\/uploads\/sites\/2\/2020\/03\/FPF_Logo500.png\",\"contentUrl\":\"https:\/\/www.fondationpierrefabre.org\/wp-content\/uploads\/sites\/2\/2020\/03\/FPF_Logo500.png\",\"width\":500,\"height\":155,\"caption\":\"Fondation Pierre Fabre\"},\"image\":{\"@id\":\"https:\/\/www.fondationpierrefabre.org\/fr\/#\/schema\/logo\/image\/\"},\"sameAs\":[\"https:\/\/www.facebook.com\/FondationPierreFabre\/\",\"https:\/\/x.com\/FondationPFabre\",\"https:\/\/www.linkedin.com\/company\/fondation_pierrefabre\/\",\"https:\/\/www.youtube.com\/channel\/UCSTB8YVIiEnbarvfFcQ-4UA\"]}]}<\/script>\n<!-- \/ Yoast SEO plugin. -->","yoast_head_json":{"title":"La gouvernance de la Fondation | Fondation Pierre Fabre","description":"D\u00e9couvrez la gouvernance de la Fondation Pierre Fabre, son Conseil d'administration, sa Direction et son Comit\u00e9 scientifique.","robots":{"index":"index","follow":"follow","max-snippet":"max-snippet:-1","max-image-preview":"max-image-preview:large","max-video-preview":"max-video-preview:-1"},"canonical":"https:\/\/www.fondationpierrefabre.org\/fr\/connaitre-la-fondation\/organisation\/","og_locale":"fr_FR","og_type":"article","og_title":"La gouvernance de la Fondation | Fondation Pierre Fabre","og_description":"D\u00e9couvrez la gouvernance de la Fondation Pierre Fabre, son Conseil d'administration, sa Direction et son Comit\u00e9 scientifique.","og_url":"https:\/\/www.fondationpierrefabre.org\/fr\/connaitre-la-fondation\/organisation\/","og_site_name":"Fondation Pierre Fabre","article_publisher":"https:\/\/www.facebook.com\/FondationPierreFabre\/","article_modified_time":"2026-01-14T14:16:23+00:00","og_image":[{"width":240,"height":60,"url":"https:\/\/www.fondationpierrefabre.org\/wp-content\/uploads\/sites\/2\/2018\/04\/fondation-pierre-fabre-logo.png","type":"image\/png"}],"twitter_card":"summary_large_image","twitter_site":"@FondationPFabre","twitter_misc":{"Dur\u00e9e de lecture estim\u00e9e":"7 minutes"},"schema":{"@context":"https:\/\/schema.org","@graph":[{"@type":"WebPage","@id":"https:\/\/www.fondationpierrefabre.org\/fr\/connaitre-la-fondation\/organisation\/","url":"https:\/\/www.fondationpierrefabre.org\/fr\/connaitre-la-fondation\/organisation\/","name":"La gouvernance de la Fondation | Fondation Pierre Fabre","isPartOf":{"@id":"https:\/\/www.fondationpierrefabre.org\/fr\/#website"},"datePublished":"2018-05-02T22:20:21+00:00","dateModified":"2026-01-14T14:16:23+00:00","description":"D\u00e9couvrez la gouvernance de la Fondation Pierre Fabre, son Conseil d'administration, sa Direction et son Comit\u00e9 scientifique.","breadcrumb":{"@id":"https:\/\/www.fondationpierrefabre.org\/fr\/connaitre-la-fondation\/organisation\/#breadcrumb"},"inLanguage":"fr-FR","potentialAction":[{"@type":"ReadAction","target":["https:\/\/www.fondationpierrefabre.org\/fr\/connaitre-la-fondation\/organisation\/"]}]},{"@type":"BreadcrumbList","@id":"https:\/\/www.fondationpierrefabre.org\/fr\/connaitre-la-fondation\/organisation\/#breadcrumb","itemListElement":[{"@type":"ListItem","position":1,"name":"","item":"https:\/\/www.fondationpierrefabre.org\/fr\/"},{"@type":"ListItem","position":2,"name":"Conna\u00eetre la fondation","item":"https:\/\/www.fondationpierrefabre.org\/fr\/connaitre-la-fondation\/"},{"@type":"ListItem","position":3,"name":"Organisation"}]},{"@type":"WebSite","@id":"https:\/\/www.fondationpierrefabre.org\/fr\/#website","url":"https:\/\/www.fondationpierrefabre.org\/fr\/","name":"Fondation Pierre Fabre","description":"Acc\u00e8s aux soins de qualit\u00e9 pour tous","publisher":{"@id":"https:\/\/www.fondationpierrefabre.org\/fr\/#organization"},"potentialAction":[{"@type":"SearchAction","target":{"@type":"EntryPoint","urlTemplate":"https:\/\/www.fondationpierrefabre.org\/fr\/?s={search_term_string}"},"query-input":{"@type":"PropertyValueSpecification","valueRequired":true,"valueName":"search_term_string"}}],"inLanguage":"fr-FR"},{"@type":"Organization","@id":"https:\/\/www.fondationpierrefabre.org\/fr\/#organization","name":"Fondation Pierre Fabre","alternateName":"FPF","url":"https:\/\/www.fondationpierrefabre.org\/fr\/","logo":{"@type":"ImageObject","inLanguage":"fr-FR","@id":"https:\/\/www.fondationpierrefabre.org\/fr\/#\/schema\/logo\/image\/","url":"https:\/\/www.fondationpierrefabre.org\/wp-content\/uploads\/sites\/2\/2020\/03\/FPF_Logo500.png","contentUrl":"https:\/\/www.fondationpierrefabre.org\/wp-content\/uploads\/sites\/2\/2020\/03\/FPF_Logo500.png","width":500,"height":155,"caption":"Fondation Pierre Fabre"},"image":{"@id":"https:\/\/www.fondationpierrefabre.org\/fr\/#\/schema\/logo\/image\/"},"sameAs":["https:\/\/www.facebook.com\/FondationPierreFabre\/","https:\/\/x.com\/FondationPFabre","https:\/\/www.linkedin.com\/company\/fondation_pierrefabre\/","https:\/\/www.youtube.com\/channel\/UCSTB8YVIiEnbarvfFcQ-4UA"]}]}},"_links":{"self":[{"href":"https:\/\/www.fondationpierrefabre.org\/fr\/wp-json\/wp\/v2\/pages\/261","targetHints":{"allow":["GET"]}}],"collection":[{"href":"https:\/\/www.fondationpierrefabre.org\/fr\/wp-json\/wp\/v2\/pages"}],"about":[{"href":"https:\/\/www.fondationpierrefabre.org\/fr\/wp-json\/wp\/v2\/types\/page"}],"author":[{"embeddable":true,"href":"https:\/\/www.fondationpierrefabre.org\/fr\/wp-json\/wp\/v2\/users\/2"}],"replies":[{"embeddable":true,"href":"https:\/\/www.fondationpierrefabre.org\/fr\/wp-json\/wp\/v2\/comments?post=261"}],"version-history":[{"count":15,"href":"https:\/\/www.fondationpierrefabre.org\/fr\/wp-json\/wp\/v2\/pages\/261\/revisions"}],"predecessor-version":[{"id":19368,"href":"https:\/\/www.fondationpierrefabre.org\/fr\/wp-json\/wp\/v2\/pages\/261\/revisions\/19368"}],"up":[{"embeddable":true,"href":"https:\/\/www.fondationpierrefabre.org\/fr\/wp-json\/wp\/v2\/pages\/3051"}],"wp:attachment":[{"href":"https:\/\/www.fondationpierrefabre.org\/fr\/wp-json\/wp\/v2\/media?parent=261"}],"wp:term":[{"taxonomy":"category","embeddable":true,"href":"https:\/\/www.fondationpierrefabre.org\/fr\/wp-json\/wp\/v2\/categories?post=261"},{"taxonomy":"post_tag","embeddable":true,"href":"https:\/\/www.fondationpierrefabre.org\/fr\/wp-json\/wp\/v2\/tags?post=261"}],"curies":[{"name":"wp","href":"https:\/\/api.w.org\/{rel}","templated":true}]}}