{"id":19385,"date":"2026-01-19T14:55:47","date_gmt":"2026-01-19T13:55:47","guid":{"rendered":"https:\/\/www.fondationpierrefabre.org\/?page_id=19385"},"modified":"2026-01-19T15:25:06","modified_gmt":"2026-01-19T14:25:06","slug":"mentions-legales","status":"publish","type":"page","link":"https:\/\/www.fondationpierrefabre.org\/fr\/mentions-legales\/","title":{"rendered":"Mentions l\u00e9gales"},"content":{"rendered":"<p><div class=\"fusion-fullwidth fullwidth-box fusion-builder-row-1 nonhundred-percent-fullwidth non-hundred-percent-height-scrolling\" style=\"--awb-border-radius-top-left:0px;--awb-border-radius-top-right:0px;--awb-border-radius-bottom-right:0px;--awb-border-radius-bottom-left:0px;--awb-background-color:#f2f2f2;--awb-flex-wrap:wrap;\" ><div class=\"fusion-builder-row fusion-row\"><div class=\"fusion-layout-column fusion_builder_column fusion-builder-column-0 fusion_builder_column_1_1 1_1 fusion-one-full fusion-column-first fusion-column-last\" style=\"--awb-bg-color:#f2f2f2;--awb-bg-color-hover:#f2f2f2;--awb-bg-size:cover;\"><div class=\"fusion-column-wrapper fusion-flex-column-wrapper-legacy\"><div class=\"fusion-text fusion-text-1\"><h1 style=\"text-align: center;\">Mentions l\u00e9gales<\/h1>\n<\/div><div class=\"fusion-clearfix\"><\/div><\/div><\/div><\/div><\/div><div class=\"fusion-fullwidth fullwidth-box fusion-builder-row-2 nonhundred-percent-fullwidth non-hundred-percent-height-scrolling\" style=\"--awb-border-radius-top-left:0px;--awb-border-radius-top-right:0px;--awb-border-radius-bottom-right:0px;--awb-border-radius-bottom-left:0px;--awb-padding-top:20px;--awb-flex-wrap:wrap;\" ><div class=\"fusion-builder-row fusion-row\"><div class=\"fusion-layout-column fusion_builder_column fusion-builder-column-1 fusion_builder_column_1_1 1_1 fusion-one-full fusion-column-first fusion-column-last\" style=\"--awb-bg-size:cover;\"><div class=\"fusion-column-wrapper fusion-flex-column-wrapper-legacy\"><div class=\"fusion-text fusion-text-2\"><div class=\"fusion-sep-clear\"><\/div><div class=\"fusion-separator fusion-full-width-sep\" style=\"margin-left: auto;margin-right: auto;margin-top:20px;width:100%;\"><\/div><div class=\"fusion-sep-clear\"><\/div>\n<p><span style=\"color: #14769e;\"><b>EDITEUR<\/b><\/span><\/p>\n<p>Le site fondationpierrefabre.org est \u00e9dit\u00e9 par la Fondation Pierre Fabre, \u00a0reconnue d\u2019utilit\u00e9 publique par d\u00e9cret du 6 avril 1999 publi\u00e9 au Journal officiel du 8 avril 1999, dont le si\u00e8ge est situ\u00e9 15 rue Th\u00e9ron P\u00e9ri\u00e9 (81100) Castres, France (t\u00e9l\u00e9phone : 05 63 83 12 90 \/ fax : 05 63 83 13 90 \/ courriel : <a href=\"mailto:contact@fondationpierrefabre.org\">contact@fondationpierrefabre.org<\/a>).<\/p>\n<div class=\"fusion-sep-clear\"><\/div><div class=\"fusion-separator fusion-full-width-sep\" style=\"margin-left: auto;margin-right: auto;margin-top:20px;width:100%;\"><\/div><div class=\"fusion-sep-clear\"><\/div>\n<p><span style=\"color: #14769e;\"><b>RESPONSABLE DE PUBLICATION<\/b><\/span><\/p>\n<p>Le Directeur\/la Directrice de la publication est Mme B\u00e9atrice GARRETTE, Directrice G\u00e9n\u00e9rale.<\/p>\n<div class=\"fusion-sep-clear\"><\/div><div class=\"fusion-separator fusion-full-width-sep\" style=\"margin-left: auto;margin-right: auto;margin-top:20px;width:100%;\"><\/div><div class=\"fusion-sep-clear\"><\/div>\n<p><span style=\"color: #14769e;\"><b>HEBERGEMENT<\/b><\/span><\/p>\n<p>L\u2019h\u00e9bergement est assur\u00e9 par OVH, dont le si\u00e8ge est :<\/p>\n<p>2 rue Kellermann &#8211; 59100 Roubaix &#8211; France<br \/>\n09 55 00 66 33<br \/>\n<a href=\"https:\/\/www.ovhcloud.com\/\" target=\"_blank\" rel=\"noopener\">https:\/\/www.ovhcloud.com\/<\/a><\/p>\n<div class=\"fusion-sep-clear\"><\/div><div class=\"fusion-separator fusion-full-width-sep\" style=\"margin-left: auto;margin-right: auto;margin-top:20px;width:100%;\"><\/div><div class=\"fusion-sep-clear\"><\/div>\n<p><span style=\"color: #14769e;\"><b>CONDITIONS GENERALES D\u2019UTILISATION<\/b><\/span><\/p>\n<p>Le site internet \u00ab\u00a0fondationpierrefabre.org\u00a0\u00bb (ci-apr\u00e8s \u00ab\u00a0le Site internet\u00a0\u00bb) est la propri\u00e9t\u00e9 de la Fondation Pierre Fabre (ci-apr\u00e8s \u00ab\u00a0la Fondation Pierre Fabre\u00a0\u00bb).<\/p>\n<p>Les pr\u00e9sentes conditions g\u00e9n\u00e9rales d\u2019utilisation d\u00e9terminent les conditions d\u2019acc\u00e8s et d\u2019utilisation du Site Internet. Toute connexion au Site Internet est subordonn\u00e9e au respect des pr\u00e9sentes conditions g\u00e9n\u00e9rales d\u2019utilisation (ci-apr\u00e8s les \u00ab\u00a0CGU\u00a0\u00bb), et en faisant usage du Site Internet l\u2019internaute reconna\u00eet les avoir lues et accept\u00e9es.<\/p>\n<p>S\u2019agissant des internautes mineurs, leurs parents ou tuteurs sont r\u00e9put\u00e9s avoir accept\u00e9 pour leur compte les pr\u00e9sentes CGU.<\/p>\n<p>Les pr\u00e9sentes CGU peuvent \u00eatre modifi\u00e9es \u00e0 tout moment et sans pr\u00e9avis.<\/p>\n<div class=\"fusion-sep-clear\"><\/div><div class=\"fusion-separator fusion-full-width-sep\" style=\"margin-left: auto;margin-right: auto;margin-top:20px;width:100%;\"><\/div><div class=\"fusion-sep-clear\"><\/div>\n<p><span style=\"color: #14769e;\"><b>OBJET DU SITE INTERNET<\/b><\/span><\/p>\n<p>Le Site Internet a \u00e9t\u00e9 cr\u00e9\u00e9 pour fournir aux internautes des informations sur la Fondation Pierre Fabre, son organisation, ses activit\u00e9s et initiatives recens\u00e9es au cours d\u2019un travail de veille active. Le Site Internet ne saurait constituer une offre contractuelle.<\/p>\n<div class=\"fusion-sep-clear\"><\/div><div class=\"fusion-separator fusion-full-width-sep\" style=\"margin-left: auto;margin-right: auto;margin-top:20px;width:100%;\"><\/div><div class=\"fusion-sep-clear\"><\/div>\n<p><span style=\"color: #14769e;\"><b>RESPONSABILIT\u00c9<\/b><\/span><\/p>\n<p>Le contenu du Site Internet est conforme aux dispositions l\u00e9gales en vigueur et la Fondation Pierre Fabre s\u2019interdit de diffuser des informations \u00e0 caract\u00e8re violent, pornographique ou diffamatoire et\/ou des contenus illicites, notamment \u00e0 caract\u00e8re raciste, x\u00e9nophobe, p\u00e9dophile ou autrement attentatoire aux droits des tiers et\/ou \u00e0 la dignit\u00e9 humaine.<\/p>\n<p>En revanche, la Fondation Pierre Fabre ne garantit pas l\u2019exactitude, la mise \u00e0 jour et l\u2019exhaustivit\u00e9 des informations contenues sur le Site Internet. Les internautes sont donc inform\u00e9s qu\u2019en raison du nombre important d\u2019informations trait\u00e9es, il peut se trouver certaines inexactitudes, omissions ou des erreurs typographiques. La Fondation Pierre Fabre s\u2019engage \u00e0 rectifier ces erreurs dans les meilleurs d\u00e9lais d\u00e8s lors qu\u2019elle en aura connaissance ou qu\u2019elles lui seront signal\u00e9es. En tout \u00e9tat de cause, la consultation du Site Internet ne dispense pas l\u2019internaute de v\u00e9rifier les informations qui y sont diffus\u00e9es.<\/p>\n<p>La responsabilit\u00e9 de la Fondation Pierre Fabre ne peut en aucune mani\u00e8re \u00eatre engag\u00e9e pour les cons\u00e9quences pouvant r\u00e9sulter de la consultation ou de l\u2019interpr\u00e9tation des informations diffus\u00e9es sur le Site Internet. La connexion au et l\u2019utilisation du Site Internet par l\u2019internaute se fait sous son enti\u00e8re responsabilit\u00e9.<\/p>\n<p>Plus particuli\u00e8rement, la Fondation Pierre Fabre ne pourra \u00eatre tenue pour responsable\u00a0:<\/p>\n<ul>\n<li>des dommages pouvant r\u00e9sulter directement ou indirectement de la consultation du Site Internet ou de l\u2019utilisation des informations qui y sont diffus\u00e9es, et notamment de toute perte d\u2019exploitation financi\u00e8re ou commerciale ou perte de programmes ou de donn\u00e9es dans tout syst\u00e8me d\u2019information et ce m\u00eame lorsque la Fondation Pierre Fabre aura \u00e9t\u00e9 inform\u00e9e de l\u2019\u00e9ventualit\u00e9 de tels dommages ;<\/li>\n<li>des dommages pouvant r\u00e9sulter de la consultation d\u2019autres sites internet \u00e0 partir de liens hypertextes indiqu\u00e9s sur le Site Internet. L\u2019internaute est seul responsable de sa navigation sur internet, y compris lorsqu\u2019il utilise des liens mentionn\u00e9s sur le Site Internet, ces liens n\u2019\u00e9tant fournis qu\u2019\u00e0 titre indicatif. En outre, la Fondation Pierre Fabre ne donne aucune caution aux informations diffus\u00e9es sur lesdits sites et n\u2019assumera aucune responsabilit\u00e9 relativement \u00e0 leur contenu ;<\/li>\n<li>des liens hypertextes qui peuvent diriger sur le Site Internet. Toute cr\u00e9ation par un tiers de liens hypertextes en direction du Site Internet, ou de l\u2019une de ses pages, n\u00e9cessite son accord pr\u00e9alable. La Fondation Pierre Fabre se r\u00e9serve le droit d\u2019exiger la suppression d\u2019un tel lien.<\/li>\n<\/ul>\n<p>Par ailleurs, la responsabilit\u00e9 de la Fondation Pierre Fabre ne saurait \u00eatre engag\u00e9e en cas d\u2019impossibilit\u00e9 d\u2019acc\u00e8s au Site internet.<\/p>\n<p>La Fondation Pierre Fabre se r\u00e9serve \u00e9galement le droit de modifier, d\u2019interrompre temporairement ou de fa\u00e7on permanente, tout ou partie du Site Internet, lorsqu\u2019elle le souhaite et sans pr\u00e9avis ni indemnit\u00e9 quelconque. En aucun cas la Fondation Pierre Fabre ne pourra \u00eatre tenue pour responsable de toute modification, interruption ou suspension du Site Internet.<\/p>\n<div class=\"fusion-sep-clear\"><\/div><div class=\"fusion-separator fusion-full-width-sep\" style=\"margin-left: auto;margin-right: auto;margin-top:20px;width:100%;\"><\/div><div class=\"fusion-sep-clear\"><\/div>\n<p><span style=\"color: #14769e;\"><b>DROITS DE PROPRI\u00c9T\u00c9 INTELLECTUELLE<\/b><\/span><\/p>\n<p>Tous les textes disponibles sur le Site Internet sont la propri\u00e9t\u00e9 exclusive de la Fondation Pierre Fabre. Les photos sont utilis\u00e9es avec l\u2019accord des personnes titulaires de droits et font l\u2019objet de cr\u00e9dits photographiques.<\/p>\n<p>Il est possible de t\u00e9l\u00e9charger et\/ou d\u2019imprimer les contenus disponibles sur le Site Internet pour un usage exclusivement priv\u00e9, \u00e0 des fins non commerciales, sans modifier toute mention relative aux droits de propri\u00e9t\u00e9 intellectuelle et en veillant \u00e0 reproduire la mention suivante sur chaque copie qui sera faite :\u00a0<em>\u00ab\u00a0Ce document provient du site internet de la Fondation Pierre Fabre\u00a0\u00bb (<a href=\"https:\/\/www.fondationpierrefabre.org\/\">https:\/\/www.fondationpierrefabre.org\/<\/a>). Tous les droits de reproduction sont r\u00e9serv\u00e9s\u00a0\u00bb.<\/em><\/p>\n<p>Toute autre utilisation autre que celle mentionn\u00e9e ci-dessus est interdite, sauf autorisation pr\u00e9alable et \u00e9crite de la Fondation Pierre Fabre.<\/p>\n<div class=\"fusion-sep-clear\"><\/div><div class=\"fusion-separator fusion-full-width-sep\" style=\"margin-left: auto;margin-right: auto;margin-top:20px;width:100%;\"><\/div><div class=\"fusion-sep-clear\"><\/div>\n<p><span style=\"color: #14769e;\"><b>COOKIES<\/b><\/span><\/p>\n<p>Nous vous informons que lors de vos visites sur notre site, des cookies sont susceptibles de s\u2019installer automatiquement sur votre terminal (ordinateur, tablette, smartphone), sous r\u00e9serve de votre choix.<\/p>\n<p>Pour en savoir plus, nous vous invitons \u00e0 consulter notre\u00a0politique de confidentialit\u00e9.<\/p>\n<p>A aucun moment, les adresses email ou autres informations transmises \u00e0\u00a0la Fondation Pierre Fabre ne seront c\u00e9d\u00e9es \u00e0 des tiers.<\/p>\n<div class=\"fusion-sep-clear\"><\/div><div class=\"fusion-separator fusion-full-width-sep\" style=\"margin-left: auto;margin-right: auto;margin-top:20px;width:100%;\"><\/div><div class=\"fusion-sep-clear\"><\/div>\n<p><span style=\"color: #14769e;\"><b>DROIT APPLICABLE &amp; TRIBUNAUX COMP\u00c9TENTS<\/b><\/span><\/p>\n<p>Les pr\u00e9sentes CGU sont soumises au droit fran\u00e7ais.<\/p>\n<p>A d\u00e9faut de r\u00e8glement amiable, les tribunaux fran\u00e7ais auront comp\u00e9tence pour trancher tout litige li\u00e9 \u00e0 l\u2019interpr\u00e9tation ou l\u2019ex\u00e9cution des pr\u00e9sentes. Seuls les tribunaux relevant du ressort de la Cour d\u2019appel de Paris sont comp\u00e9tents pour conna\u00eetre des \u00e9ventuels litiges.<\/p>\n<\/div><div class=\"fusion-clearfix\"><\/div><\/div><\/div><\/div><\/div><\/p>\n","protected":false},"excerpt":{"rendered":"","protected":false},"author":12,"featured_media":0,"parent":0,"menu_order":0,"comment_status":"closed","ping_status":"closed","template":"","meta":{"_acf_changed":false,"footnotes":""},"categories":[],"tags":[],"class_list":["post-19385","page","type-page","status-publish","hentry"],"acf":[],"yoast_head":"<!-- This site is optimized with the Yoast SEO plugin v27.2 - https:\/\/yoast.com\/product\/yoast-seo-wordpress\/ -->\n<title>Mentions l\u00e9gales - Fondation Pierre Fabre<\/title>\n<meta name=\"description\" content=\"Les pr\u00e9sentes conditions g\u00e9n\u00e9rales d\u2019utilisation d\u00e9terminent les conditions d\u2019acc\u00e8s et d\u2019utilisation du Site Internet. Toute connexion au Site Internet est subordonn\u00e9e au respect des pr\u00e9sentes conditions g\u00e9n\u00e9rales d\u2019utilisation, et en faisant usage du Site Internet l\u2019internaute reconna\u00eet les avoir lues et accept\u00e9es.\" \/>\n<meta name=\"robots\" content=\"index, follow, max-snippet:-1, max-image-preview:large, max-video-preview:-1\" \/>\n<link rel=\"canonical\" href=\"https:\/\/www.fondationpierrefabre.org\/mentions-legales\/\" \/>\n<meta property=\"og:locale\" content=\"fr_FR\" \/>\n<meta property=\"og:type\" content=\"article\" \/>\n<meta property=\"og:title\" content=\"Mentions l\u00e9gales - Fondation Pierre Fabre\" \/>\n<meta property=\"og:description\" content=\"Les pr\u00e9sentes conditions g\u00e9n\u00e9rales d\u2019utilisation d\u00e9terminent les conditions d\u2019acc\u00e8s et d\u2019utilisation du Site Internet. Toute connexion au Site Internet est subordonn\u00e9e au respect des pr\u00e9sentes conditions g\u00e9n\u00e9rales d\u2019utilisation, et en faisant usage du Site Internet l\u2019internaute reconna\u00eet les avoir lues et accept\u00e9es.\" \/>\n<meta property=\"og:url\" content=\"https:\/\/www.fondationpierrefabre.org\/mentions-legales\/\" \/>\n<meta property=\"og:site_name\" content=\"Fondation Pierre Fabre\" \/>\n<meta property=\"article:publisher\" content=\"https:\/\/www.facebook.com\/FondationPierreFabre\/\" \/>\n<meta property=\"article:modified_time\" content=\"2026-01-19T14:25:06+00:00\" \/>\n<meta property=\"og:image\" content=\"https:\/\/www.fondationpierrefabre.org\/wp-content\/uploads\/sites\/2\/2018\/04\/fondation-pierre-fabre-logo.png\" \/>\n\t<meta property=\"og:image:width\" content=\"240\" \/>\n\t<meta property=\"og:image:height\" content=\"60\" \/>\n\t<meta property=\"og:image:type\" content=\"image\/png\" \/>\n<meta name=\"twitter:card\" content=\"summary_large_image\" \/>\n<meta name=\"twitter:site\" content=\"@FondationPFabre\" \/>\n<meta name=\"twitter:label1\" content=\"Dur\u00e9e de lecture estim\u00e9e\" \/>\n\t<meta name=\"twitter:data1\" content=\"8 minutes\" \/>\n<script type=\"application\/ld+json\" class=\"yoast-schema-graph\">{\"@context\":\"https:\/\/schema.org\",\"@graph\":[{\"@type\":\"WebPage\",\"@id\":\"https:\/\/www.fondationpierrefabre.org\/mentions-legales\/\",\"url\":\"https:\/\/www.fondationpierrefabre.org\/mentions-legales\/\",\"name\":\"Mentions l\u00e9gales - Fondation Pierre Fabre\",\"isPartOf\":{\"@id\":\"https:\/\/www.fondationpierrefabre.org\/fr\/#website\"},\"datePublished\":\"2026-01-19T13:55:47+00:00\",\"dateModified\":\"2026-01-19T14:25:06+00:00\",\"description\":\"Les pr\u00e9sentes conditions g\u00e9n\u00e9rales d\u2019utilisation d\u00e9terminent les conditions d\u2019acc\u00e8s et d\u2019utilisation du Site Internet. Toute connexion au Site Internet est subordonn\u00e9e au respect des pr\u00e9sentes conditions g\u00e9n\u00e9rales d\u2019utilisation, et en faisant usage du Site Internet l\u2019internaute reconna\u00eet les avoir lues et accept\u00e9es.\",\"breadcrumb\":{\"@id\":\"https:\/\/www.fondationpierrefabre.org\/mentions-legales\/#breadcrumb\"},\"inLanguage\":\"fr-FR\",\"potentialAction\":[{\"@type\":\"ReadAction\",\"target\":[\"https:\/\/www.fondationpierrefabre.org\/mentions-legales\/\"]}]},{\"@type\":\"BreadcrumbList\",\"@id\":\"https:\/\/www.fondationpierrefabre.org\/mentions-legales\/#breadcrumb\",\"itemListElement\":[{\"@type\":\"ListItem\",\"position\":1,\"name\":\"\",\"item\":\"https:\/\/www.fondationpierrefabre.org\/fr\/\"},{\"@type\":\"ListItem\",\"position\":2,\"name\":\"Mentions l\u00e9gales\"}]},{\"@type\":\"WebSite\",\"@id\":\"https:\/\/www.fondationpierrefabre.org\/fr\/#website\",\"url\":\"https:\/\/www.fondationpierrefabre.org\/fr\/\",\"name\":\"Fondation Pierre Fabre\",\"description\":\"Acc\u00e8s aux soins de qualit\u00e9 pour tous\",\"publisher\":{\"@id\":\"https:\/\/www.fondationpierrefabre.org\/fr\/#organization\"},\"potentialAction\":[{\"@type\":\"SearchAction\",\"target\":{\"@type\":\"EntryPoint\",\"urlTemplate\":\"https:\/\/www.fondationpierrefabre.org\/fr\/?s={search_term_string}\"},\"query-input\":{\"@type\":\"PropertyValueSpecification\",\"valueRequired\":true,\"valueName\":\"search_term_string\"}}],\"inLanguage\":\"fr-FR\"},{\"@type\":\"Organization\",\"@id\":\"https:\/\/www.fondationpierrefabre.org\/fr\/#organization\",\"name\":\"Fondation Pierre Fabre\",\"alternateName\":\"FPF\",\"url\":\"https:\/\/www.fondationpierrefabre.org\/fr\/\",\"logo\":{\"@type\":\"ImageObject\",\"inLanguage\":\"fr-FR\",\"@id\":\"https:\/\/www.fondationpierrefabre.org\/fr\/#\/schema\/logo\/image\/\",\"url\":\"https:\/\/www.fondationpierrefabre.org\/wp-content\/uploads\/sites\/2\/2020\/03\/FPF_Logo500.png\",\"contentUrl\":\"https:\/\/www.fondationpierrefabre.org\/wp-content\/uploads\/sites\/2\/2020\/03\/FPF_Logo500.png\",\"width\":500,\"height\":155,\"caption\":\"Fondation Pierre Fabre\"},\"image\":{\"@id\":\"https:\/\/www.fondationpierrefabre.org\/fr\/#\/schema\/logo\/image\/\"},\"sameAs\":[\"https:\/\/www.facebook.com\/FondationPierreFabre\/\",\"https:\/\/x.com\/FondationPFabre\",\"https:\/\/www.linkedin.com\/company\/fondation_pierrefabre\/\",\"https:\/\/www.youtube.com\/channel\/UCSTB8YVIiEnbarvfFcQ-4UA\"]}]}<\/script>\n<!-- \/ Yoast SEO plugin. -->","yoast_head_json":{"title":"Mentions l\u00e9gales - Fondation Pierre Fabre","description":"Les pr\u00e9sentes conditions g\u00e9n\u00e9rales d\u2019utilisation d\u00e9terminent les conditions d\u2019acc\u00e8s et d\u2019utilisation du Site Internet. Toute connexion au Site Internet est subordonn\u00e9e au respect des pr\u00e9sentes conditions g\u00e9n\u00e9rales d\u2019utilisation, et en faisant usage du Site Internet l\u2019internaute reconna\u00eet les avoir lues et accept\u00e9es.","robots":{"index":"index","follow":"follow","max-snippet":"max-snippet:-1","max-image-preview":"max-image-preview:large","max-video-preview":"max-video-preview:-1"},"canonical":"https:\/\/www.fondationpierrefabre.org\/mentions-legales\/","og_locale":"fr_FR","og_type":"article","og_title":"Mentions l\u00e9gales - Fondation Pierre Fabre","og_description":"Les pr\u00e9sentes conditions g\u00e9n\u00e9rales d\u2019utilisation d\u00e9terminent les conditions d\u2019acc\u00e8s et d\u2019utilisation du Site Internet. Toute connexion au Site Internet est subordonn\u00e9e au respect des pr\u00e9sentes conditions g\u00e9n\u00e9rales d\u2019utilisation, et en faisant usage du Site Internet l\u2019internaute reconna\u00eet les avoir lues et accept\u00e9es.","og_url":"https:\/\/www.fondationpierrefabre.org\/mentions-legales\/","og_site_name":"Fondation Pierre Fabre","article_publisher":"https:\/\/www.facebook.com\/FondationPierreFabre\/","article_modified_time":"2026-01-19T14:25:06+00:00","og_image":[{"width":240,"height":60,"url":"https:\/\/www.fondationpierrefabre.org\/wp-content\/uploads\/sites\/2\/2018\/04\/fondation-pierre-fabre-logo.png","type":"image\/png"}],"twitter_card":"summary_large_image","twitter_site":"@FondationPFabre","twitter_misc":{"Dur\u00e9e de lecture estim\u00e9e":"8 minutes"},"schema":{"@context":"https:\/\/schema.org","@graph":[{"@type":"WebPage","@id":"https:\/\/www.fondationpierrefabre.org\/mentions-legales\/","url":"https:\/\/www.fondationpierrefabre.org\/mentions-legales\/","name":"Mentions l\u00e9gales - Fondation Pierre Fabre","isPartOf":{"@id":"https:\/\/www.fondationpierrefabre.org\/fr\/#website"},"datePublished":"2026-01-19T13:55:47+00:00","dateModified":"2026-01-19T14:25:06+00:00","description":"Les pr\u00e9sentes conditions g\u00e9n\u00e9rales d\u2019utilisation d\u00e9terminent les conditions d\u2019acc\u00e8s et d\u2019utilisation du Site Internet. Toute connexion au Site Internet est subordonn\u00e9e au respect des pr\u00e9sentes conditions g\u00e9n\u00e9rales d\u2019utilisation, et en faisant usage du Site Internet l\u2019internaute reconna\u00eet les avoir lues et accept\u00e9es.","breadcrumb":{"@id":"https:\/\/www.fondationpierrefabre.org\/mentions-legales\/#breadcrumb"},"inLanguage":"fr-FR","potentialAction":[{"@type":"ReadAction","target":["https:\/\/www.fondationpierrefabre.org\/mentions-legales\/"]}]},{"@type":"BreadcrumbList","@id":"https:\/\/www.fondationpierrefabre.org\/mentions-legales\/#breadcrumb","itemListElement":[{"@type":"ListItem","position":1,"name":"","item":"https:\/\/www.fondationpierrefabre.org\/fr\/"},{"@type":"ListItem","position":2,"name":"Mentions l\u00e9gales"}]},{"@type":"WebSite","@id":"https:\/\/www.fondationpierrefabre.org\/fr\/#website","url":"https:\/\/www.fondationpierrefabre.org\/fr\/","name":"Fondation Pierre Fabre","description":"Acc\u00e8s aux soins de qualit\u00e9 pour tous","publisher":{"@id":"https:\/\/www.fondationpierrefabre.org\/fr\/#organization"},"potentialAction":[{"@type":"SearchAction","target":{"@type":"EntryPoint","urlTemplate":"https:\/\/www.fondationpierrefabre.org\/fr\/?s={search_term_string}"},"query-input":{"@type":"PropertyValueSpecification","valueRequired":true,"valueName":"search_term_string"}}],"inLanguage":"fr-FR"},{"@type":"Organization","@id":"https:\/\/www.fondationpierrefabre.org\/fr\/#organization","name":"Fondation Pierre Fabre","alternateName":"FPF","url":"https:\/\/www.fondationpierrefabre.org\/fr\/","logo":{"@type":"ImageObject","inLanguage":"fr-FR","@id":"https:\/\/www.fondationpierrefabre.org\/fr\/#\/schema\/logo\/image\/","url":"https:\/\/www.fondationpierrefabre.org\/wp-content\/uploads\/sites\/2\/2020\/03\/FPF_Logo500.png","contentUrl":"https:\/\/www.fondationpierrefabre.org\/wp-content\/uploads\/sites\/2\/2020\/03\/FPF_Logo500.png","width":500,"height":155,"caption":"Fondation Pierre Fabre"},"image":{"@id":"https:\/\/www.fondationpierrefabre.org\/fr\/#\/schema\/logo\/image\/"},"sameAs":["https:\/\/www.facebook.com\/FondationPierreFabre\/","https:\/\/x.com\/FondationPFabre","https:\/\/www.linkedin.com\/company\/fondation_pierrefabre\/","https:\/\/www.youtube.com\/channel\/UCSTB8YVIiEnbarvfFcQ-4UA"]}]}},"_links":{"self":[{"href":"https:\/\/www.fondationpierrefabre.org\/fr\/wp-json\/wp\/v2\/pages\/19385","targetHints":{"allow":["GET"]}}],"collection":[{"href":"https:\/\/www.fondationpierrefabre.org\/fr\/wp-json\/wp\/v2\/pages"}],"about":[{"href":"https:\/\/www.fondationpierrefabre.org\/fr\/wp-json\/wp\/v2\/types\/page"}],"author":[{"embeddable":true,"href":"https:\/\/www.fondationpierrefabre.org\/fr\/wp-json\/wp\/v2\/users\/12"}],"replies":[{"embeddable":true,"href":"https:\/\/www.fondationpierrefabre.org\/fr\/wp-json\/wp\/v2\/comments?post=19385"}],"version-history":[{"count":5,"href":"https:\/\/www.fondationpierrefabre.org\/fr\/wp-json\/wp\/v2\/pages\/19385\/revisions"}],"predecessor-version":[{"id":19799,"href":"https:\/\/www.fondationpierrefabre.org\/fr\/wp-json\/wp\/v2\/pages\/19385\/revisions\/19799"}],"wp:attachment":[{"href":"https:\/\/www.fondationpierrefabre.org\/fr\/wp-json\/wp\/v2\/media?parent=19385"}],"wp:term":[{"taxonomy":"category","embeddable":true,"href":"https:\/\/www.fondationpierrefabre.org\/fr\/wp-json\/wp\/v2\/categories?post=19385"},{"taxonomy":"post_tag","embeddable":true,"href":"https:\/\/www.fondationpierrefabre.org\/fr\/wp-json\/wp\/v2\/tags?post=19385"}],"curies":[{"name":"wp","href":"https:\/\/api.w.org\/{rel}","templated":true}]}}