{"id":3074,"date":"2018-05-03T00:20:21","date_gmt":"2018-05-02T22:20:21","guid":{"rendered":"http:\/\/dev.fondationpierrefabre.org\/connaitre-la-fondation\/connaitre-la-fondation-organisation\/"},"modified":"2026-01-15T14:52:04","modified_gmt":"2026-01-15T13:52:04","slug":"governance","status":"publish","type":"page","link":"https:\/\/www.fondationpierrefabre.org\/en\/the-foundation\/governance\/","title":{"rendered":"Foundation governance"},"content":{"rendered":"<p><div class=\"fusion-fullwidth fullwidth-box fusion-builder-row-1 hundred-percent-fullwidth non-hundred-percent-height-scrolling\" style=\"--awb-border-radius-top-left:0px;--awb-border-radius-top-right:0px;--awb-border-radius-bottom-right:0px;--awb-border-radius-bottom-left:0px;--awb-background-color:#f2f2f2;--awb-flex-wrap:wrap;\" ><div class=\"fusion-builder-row fusion-row\"><div class=\"fusion-layout-column fusion_builder_column fusion-builder-column-0 fusion_builder_column_1_1 1_1 fusion-one-full fusion-column-first fusion-column-last\" style=\"--awb-bg-size:cover;\"><div class=\"fusion-column-wrapper fusion-flex-column-wrapper-legacy\"><div class=\"fusion-text fusion-text-1\"><h1 style=\"text-align: center;\">Foundation governance<\/h1>\n<\/div><div class=\"fusion-clearfix\"><\/div><\/div><\/div><\/div><\/div><div class=\"fusion-fullwidth fullwidth-box fusion-builder-row-2 has-pattern-background has-mask-background fusion-parallax-none nonhundred-percent-fullwidth non-hundred-percent-height-scrolling fusion-no-small-visibility lazyload\" style=\"--awb-border-radius-top-left:0px;--awb-border-radius-top-right:0px;--awb-border-radius-bottom-right:0px;--awb-border-radius-bottom-left:0px;--awb-margin-bottom:0px;--awb-background-size:cover;--awb-flex-wrap:wrap;\" data-bg=\"https:\/\/www.fondationpierrefabre.org\/wp-content\/uploads\/sites\/2\/2024\/04\/Organisation.jpg\" ><div class=\"fusion-builder-row fusion-row\"><div class=\"fusion-layout-column fusion_builder_column fusion-builder-column-1 fusion_builder_column_1_1 1_1 fusion-one-full fusion-column-first fusion-column-last\" style=\"--awb-bg-size:cover;--awb-margin-top:305px;--awb-margin-bottom:305px;\"><div class=\"fusion-column-wrapper fusion-flex-column-wrapper-legacy\"><div class=\"fusion-clearfix\"><\/div><\/div><\/div><\/div><\/div><div class=\"fusion-fullwidth fullwidth-box fusion-builder-row-3 hundred-percent-fullwidth non-hundred-percent-height-scrolling fusion-no-medium-visibility fusion-no-large-visibility\" style=\"--awb-border-radius-top-left:0px;--awb-border-radius-top-right:0px;--awb-border-radius-bottom-right:0px;--awb-border-radius-bottom-left:0px;--awb-background-color:#f2f2f2;--awb-flex-wrap:wrap;\" ><div class=\"fusion-builder-row fusion-row\"><div class=\"fusion-layout-column fusion_builder_column fusion-builder-column-2 fusion_builder_column_1_1 1_1 fusion-one-full fusion-column-first fusion-column-last\" style=\"--awb-bg-size:cover;\"><div class=\"fusion-column-wrapper fusion-flex-column-wrapper-legacy\"><div class=\"fusion-image-element fusion-no-medium-visibility fusion-no-large-visibility in-legacy-container\" style=\"--awb-caption-title-font-family:var(--h2_typography-font-family);--awb-caption-title-font-weight:var(--h2_typography-font-weight);--awb-caption-title-font-style:var(--h2_typography-font-style);--awb-caption-title-size:var(--h2_typography-font-size);--awb-caption-title-transform:var(--h2_typography-text-transform);--awb-caption-title-line-height:var(--h2_typography-line-height);--awb-caption-title-letter-spacing:var(--h2_typography-letter-spacing);\"><span class=\" fusion-imageframe imageframe-none imageframe-1 hover-type-none\"><img decoding=\"async\" width=\"1200\" height=\"798\" title=\"OrganisationBD\" src=\"https:\/\/www.fondationpierrefabre.org\/wp-content\/uploads\/sites\/2\/2024\/04\/OrganisationBD.jpg\" data-orig-src=\"https:\/\/www.fondationpierrefabre.org\/wp-content\/uploads\/sites\/2\/2024\/04\/OrganisationBD.jpg\" alt class=\"lazyload img-responsive wp-image-15595\" srcset=\"data:image\/svg+xml,%3Csvg%20xmlns%3D%27http%3A%2F%2Fwww.w3.org%2F2000%2Fsvg%27%20width%3D%271200%27%20height%3D%27798%27%20viewBox%3D%270%200%201200%20798%27%3E%3Crect%20width%3D%271200%27%20height%3D%27798%27%20fill-opacity%3D%220%22%2F%3E%3C%2Fsvg%3E\" data-srcset=\"https:\/\/www.fondationpierrefabre.org\/wp-content\/uploads\/sites\/2\/2024\/04\/OrganisationBD-200x133.jpg 200w, https:\/\/www.fondationpierrefabre.org\/wp-content\/uploads\/sites\/2\/2024\/04\/OrganisationBD-400x266.jpg 400w, https:\/\/www.fondationpierrefabre.org\/wp-content\/uploads\/sites\/2\/2024\/04\/OrganisationBD-600x399.jpg 600w, https:\/\/www.fondationpierrefabre.org\/wp-content\/uploads\/sites\/2\/2024\/04\/OrganisationBD-800x532.jpg 800w, https:\/\/www.fondationpierrefabre.org\/wp-content\/uploads\/sites\/2\/2024\/04\/OrganisationBD.jpg 1200w\" data-sizes=\"auto\" data-orig-sizes=\"(max-width: 800px) 100vw, 1200px\" \/><\/span><\/div><div class=\"fusion-clearfix\"><\/div><\/div><\/div><\/div><\/div><div class=\"fusion-fullwidth fullwidth-box fusion-builder-row-4 nonhundred-percent-fullwidth non-hundred-percent-height-scrolling\" style=\"--awb-border-radius-top-left:0px;--awb-border-radius-top-right:0px;--awb-border-radius-bottom-right:0px;--awb-border-radius-bottom-left:0px;--awb-margin-top:40px;--awb-flex-wrap:wrap;\" ><div class=\"fusion-builder-row fusion-row\"><div class=\"fusion-layout-column fusion_builder_column fusion-builder-column-3 fusion_builder_column_1_1 1_1 fusion-one-full fusion-column-first fusion-column-last\" style=\"--awb-bg-size:cover;\"><div class=\"fusion-column-wrapper fusion-flex-column-wrapper-legacy\"><div class=\"fusion-text fusion-text-2\"><h2>BOARD OF DIRECTORS<\/h2>\n<p><span style=\"color: #14769e; font-size: 12pt;\"><strong>Fondation Pierre Fabre is overseen by a Board of Directors that meets at least twice annually. The Board establishes guidelines, approves strategic projects and ensures the proper management of the Foundation. It has 14 members divided into three colleges:<\/strong><\/span><\/p>\n<p><strong><span style=\"font-size: 14pt;\">The Council of Founders<\/span><\/strong><\/p>\n<ul>\n<li><strong>Mr Pierre-Yves Revol<\/strong>, President<\/li>\n<li><strong>Mr Jacques Fabre<\/strong>, Secretary and ex-CEO of companies<\/li>\n<li><strong>Mr Jacques Godfrain<\/strong>, Treasurer (former Minister for Cooperation)<\/li>\n<li><strong>Ms Huong Mangin<\/strong>, CEO of companies<\/li>\n<li><strong>Mr Bertrand Parmentier<\/strong>, ex-CEO of companies<\/li>\n<li><strong>Ms Nathalie Delapalme<\/strong>, Executive Director, Mo Ibrahim Foundation<\/li>\n<\/ul>\n<p><strong><span style=\"font-size: 14pt;\">Ex officio members<\/span><\/strong><\/p>\n<ul>\n<li><strong>Mr Simon Bertoux<\/strong>, Spokesperson for the French Interior Minister, Prefect of Tarn<\/li>\n<li><strong>Mr Christophe Farnaud<\/strong>, Ambassador, Delegation of the European Union to Saudi Arabia, Bahrain and Oman<\/li>\n<\/ul>\n<p><strong><span style=\"font-size: 14pt;\">Co-opted members<\/span><\/strong><\/p>\n<ul>\n<li><strong>Mr Elrick Irastorza<\/strong>,\u00a0General of the Army<\/li>\n<li><strong>Mr Luong N\u2019Guyen<\/strong>, PhD in medicine, specialising in ophthalmology<\/li>\n<li><strong>Mr<\/strong><strong>\u00a0Serge Resnikoff<\/strong>, Professor, Ophthalmologist and expert on global health issues<\/li>\n<li><strong>Mr Fr\u00e9d\u00e9ric de Saint-Sernin<\/strong>, President of ACTED<\/li>\n<li><strong>Mme \u00c9lisabeth Hubert<\/strong>, Pr\u00e9sidente of the F\u00e9d\u00e9ration nationale des \u00e9tablissements d\u2019hospitalisation \u00e0 domicile (FNEHAD)<\/li>\n<li><strong>M. Alexandre M\u00e9rieux<\/strong>, President of the Board of Directors of bioM\u00e9rieux, Vice President of Institut M\u00e9rieux, and member of the Board of the M\u00e9rieux Foundation<\/li>\n<\/ul>\n<\/div><div class=\"fusion-clearfix\"><\/div><\/div><\/div><\/div><\/div><div class=\"fusion-fullwidth fullwidth-box fusion-builder-row-5 nonhundred-percent-fullwidth non-hundred-percent-height-scrolling\" style=\"--awb-border-radius-top-left:0px;--awb-border-radius-top-right:0px;--awb-border-radius-bottom-right:0px;--awb-border-radius-bottom-left:0px;--awb-margin-top:50px;--awb-flex-wrap:wrap;\" ><div class=\"fusion-builder-row fusion-row\"><div class=\"fusion-layout-column fusion_builder_column fusion-builder-column-4 fusion_builder_column_1_1 1_1 fusion-one-full fusion-column-first fusion-column-last\" style=\"--awb-bg-size:cover;\"><div class=\"fusion-column-wrapper fusion-flex-column-wrapper-legacy\"><div class=\"fusion-text fusion-text-3\"><h2>MANAGEMENT<\/h2>\n<p><span style=\"color: #14769e;\"><strong>The management team, under the leadership of the Director General, suggests programmes and initiatives to the Board and ensure programme implementation, coordination and monitoring.<\/strong><\/span><\/p>\n<p><strong><span style=\"font-size: 14pt;\">Management team<\/span><\/strong><\/p>\n<ul>\n<li><strong>Ms B\u00e9atrice Garrette<\/strong>, Executive Director<\/li>\n<li><strong>Ms Elodie Montagne Moulis<\/strong>, General secretary<\/li>\n<li><strong>Mr Christophe Przybylski<\/strong>, Scientific Director<\/li>\n<li><strong>Ms Solenne Barbe, <\/strong>Program Director<\/li>\n<\/ul>\n<\/div><div class=\"fusion-clearfix\"><\/div><\/div><\/div><\/div><\/div><div class=\"fusion-fullwidth fullwidth-box fusion-builder-row-6 nonhundred-percent-fullwidth non-hundred-percent-height-scrolling\" style=\"--awb-border-radius-top-left:0px;--awb-border-radius-top-right:0px;--awb-border-radius-bottom-right:0px;--awb-border-radius-bottom-left:0px;--awb-margin-top:50px;--awb-margin-bottom:25px;--awb-flex-wrap:wrap;\" ><div class=\"fusion-builder-row fusion-row\"><div class=\"fusion-layout-column fusion_builder_column fusion-builder-column-5 fusion_builder_column_1_1 1_1 fusion-one-full fusion-column-first fusion-column-last\" style=\"--awb-bg-size:cover;\"><div class=\"fusion-column-wrapper fusion-flex-column-wrapper-legacy\"><div class=\"fusion-text fusion-text-4\"><h2>THE SCIENTIFIC COMMITTEE<\/h2>\n<p><span style=\"color: #14769e;\"><strong>With eight eminent scientists, the Scientific Committee proposes and gives advisory opinions on major priorities and on the programme of action.<\/strong><\/span><\/p>\n<ul>\n<li><strong>President,\u00a0<\/strong><strong>Professor Serge Resnikoff<\/strong>, Ophthalmologist and expert on global health issues<\/li>\n<li><strong>Professor Dapa Diallo<\/strong>, Haematologist and Head of the CRLD in Bamako (Mali)<\/li>\n<li><strong>Professor Marc Gentilini<\/strong>, Specialist in infectious and tropical diseases, Professor Emeritus at the Piti\u00e9 Salp\u00e9tri\u00e8re Hospital, Member of the Academy of Medicine, which he chaired in 2008, Founding President of the Pan African Organization for the Fight against AIDS (OPALS) and Chairman of the French Red Cross from 1997 to 2004<\/li>\n<li><strong>Professor G\u00e9rard Lorette<\/strong>, Professor Emeritus of Dermatology<\/li>\n<li><strong>Professor Michel Vidal<\/strong>, Pharmacochemist, UMR CNRS 8038, U 1268 INSERM \u2013 University of Paris Descartes<\/li>\n<li><strong>Doctor Claire Rieux<\/strong>, Haematologist at the Henri Mondor Hospital, and adviser on epidemiology and humanitarian medicine<\/li>\n<li><strong>Doctor Cohen Solal, <\/strong>President, DARGIA Conseils<\/li>\n<li><strong>Doctor Bernard Vallat<\/strong>, Veterinary surgeon and former Director General of OIE (the World Organisation for Animal Health)<\/li>\n<\/ul>\n<p><em>All duties and functions of the members of both the Board of Directors and the Scientific Committee are performed on a volunteer basis.<\/em><\/p>\n<\/div><div class=\"fusion-clearfix\"><\/div><\/div><\/div><\/div><\/div><\/p>\n","protected":false},"excerpt":{"rendered":"","protected":false},"author":2,"featured_media":0,"parent":3056,"menu_order":0,"comment_status":"closed","ping_status":"closed","template":"100-width.php","meta":{"_acf_changed":false,"footnotes":""},"categories":[],"tags":[],"class_list":["post-3074","page","type-page","status-publish","hentry"],"acf":[],"yoast_head":"<!-- This site is optimized with the Yoast SEO plugin v27.2 - https:\/\/yoast.com\/product\/yoast-seo-wordpress\/ -->\n<title>Foundation governance | Fondation Pierre Fabre<\/title>\n<meta name=\"description\" content=\"Fondation is overseen by a Board of Directors that meets at least twice annually. The Board establishes guidelines and approves strategic projects.\" \/>\n<meta name=\"robots\" content=\"index, follow, max-snippet:-1, max-image-preview:large, max-video-preview:-1\" \/>\n<link rel=\"canonical\" href=\"https:\/\/www.fondationpierrefabre.org\/en\/the-foundation\/governance\/\" \/>\n<meta property=\"og:locale\" content=\"en_US\" \/>\n<meta property=\"og:type\" content=\"article\" \/>\n<meta property=\"og:title\" content=\"Foundation governance | Fondation Pierre Fabre\" \/>\n<meta property=\"og:description\" content=\"Fondation is overseen by a Board of Directors that meets at least twice annually. The Board establishes guidelines and approves strategic projects.\" \/>\n<meta property=\"og:url\" content=\"https:\/\/www.fondationpierrefabre.org\/en\/the-foundation\/governance\/\" \/>\n<meta property=\"og:site_name\" content=\"Fondation Pierre Fabre\" \/>\n<meta property=\"article:publisher\" content=\"https:\/\/www.facebook.com\/FondationPierreFabre\/\" \/>\n<meta property=\"article:modified_time\" content=\"2026-01-15T13:52:04+00:00\" \/>\n<meta property=\"og:image\" content=\"https:\/\/www.fondationpierrefabre.org\/wp-content\/uploads\/sites\/2\/2018\/04\/fondation-pierre-fabre-logo.png\" \/>\n\t<meta property=\"og:image:width\" content=\"240\" \/>\n\t<meta property=\"og:image:height\" content=\"60\" \/>\n\t<meta property=\"og:image:type\" content=\"image\/png\" \/>\n<meta name=\"twitter:card\" content=\"summary_large_image\" \/>\n<meta name=\"twitter:site\" content=\"@FondationPFabre\" \/>\n<meta name=\"twitter:label1\" content=\"Est. reading time\" \/>\n\t<meta name=\"twitter:data1\" content=\"7 minutes\" \/>\n<script type=\"application\/ld+json\" class=\"yoast-schema-graph\">{\"@context\":\"https:\/\/schema.org\",\"@graph\":[{\"@type\":\"WebPage\",\"@id\":\"https:\/\/www.fondationpierrefabre.org\/en\/the-foundation\/governance\/\",\"url\":\"https:\/\/www.fondationpierrefabre.org\/en\/the-foundation\/governance\/\",\"name\":\"Foundation governance | Fondation Pierre Fabre\",\"isPartOf\":{\"@id\":\"https:\/\/www.fondationpierrefabre.org\/fr\/#website\"},\"datePublished\":\"2018-05-02T22:20:21+00:00\",\"dateModified\":\"2026-01-15T13:52:04+00:00\",\"description\":\"Fondation is overseen by a Board of Directors that meets at least twice annually. The Board establishes guidelines and approves strategic projects.\",\"breadcrumb\":{\"@id\":\"https:\/\/www.fondationpierrefabre.org\/en\/the-foundation\/governance\/#breadcrumb\"},\"inLanguage\":\"en-US\",\"potentialAction\":[{\"@type\":\"ReadAction\",\"target\":[\"https:\/\/www.fondationpierrefabre.org\/en\/the-foundation\/governance\/\"]}]},{\"@type\":\"BreadcrumbList\",\"@id\":\"https:\/\/www.fondationpierrefabre.org\/en\/the-foundation\/governance\/#breadcrumb\",\"itemListElement\":[{\"@type\":\"ListItem\",\"position\":1,\"name\":\"\",\"item\":\"https:\/\/www.fondationpierrefabre.org\/en\/\"},{\"@type\":\"ListItem\",\"position\":2,\"name\":\"The Foundation\",\"item\":\"https:\/\/www.fondationpierrefabre.org\/en\/the-foundation\/\"},{\"@type\":\"ListItem\",\"position\":3,\"name\":\"Foundation governance\"}]},{\"@type\":\"WebSite\",\"@id\":\"https:\/\/www.fondationpierrefabre.org\/fr\/#website\",\"url\":\"https:\/\/www.fondationpierrefabre.org\/fr\/\",\"name\":\"Fondation Pierre Fabre\",\"description\":\"Acc\u00e8s aux soins de qualit\u00e9 pour tous\",\"publisher\":{\"@id\":\"https:\/\/www.fondationpierrefabre.org\/fr\/#organization\"},\"potentialAction\":[{\"@type\":\"SearchAction\",\"target\":{\"@type\":\"EntryPoint\",\"urlTemplate\":\"https:\/\/www.fondationpierrefabre.org\/fr\/?s={search_term_string}\"},\"query-input\":{\"@type\":\"PropertyValueSpecification\",\"valueRequired\":true,\"valueName\":\"search_term_string\"}}],\"inLanguage\":\"en-US\"},{\"@type\":\"Organization\",\"@id\":\"https:\/\/www.fondationpierrefabre.org\/fr\/#organization\",\"name\":\"Fondation Pierre Fabre\",\"alternateName\":\"FPF\",\"url\":\"https:\/\/www.fondationpierrefabre.org\/fr\/\",\"logo\":{\"@type\":\"ImageObject\",\"inLanguage\":\"en-US\",\"@id\":\"https:\/\/www.fondationpierrefabre.org\/fr\/#\/schema\/logo\/image\/\",\"url\":\"https:\/\/www.fondationpierrefabre.org\/wp-content\/uploads\/sites\/2\/2020\/03\/FPF_Logo500.png\",\"contentUrl\":\"https:\/\/www.fondationpierrefabre.org\/wp-content\/uploads\/sites\/2\/2020\/03\/FPF_Logo500.png\",\"width\":500,\"height\":155,\"caption\":\"Fondation Pierre Fabre\"},\"image\":{\"@id\":\"https:\/\/www.fondationpierrefabre.org\/fr\/#\/schema\/logo\/image\/\"},\"sameAs\":[\"https:\/\/www.facebook.com\/FondationPierreFabre\/\",\"https:\/\/x.com\/FondationPFabre\",\"https:\/\/www.linkedin.com\/company\/fondation_pierrefabre\/\",\"https:\/\/www.youtube.com\/channel\/UCSTB8YVIiEnbarvfFcQ-4UA\"]}]}<\/script>\n<!-- \/ Yoast SEO plugin. -->","yoast_head_json":{"title":"Foundation governance | Fondation Pierre Fabre","description":"Fondation is overseen by a Board of Directors that meets at least twice annually. The Board establishes guidelines and approves strategic projects.","robots":{"index":"index","follow":"follow","max-snippet":"max-snippet:-1","max-image-preview":"max-image-preview:large","max-video-preview":"max-video-preview:-1"},"canonical":"https:\/\/www.fondationpierrefabre.org\/en\/the-foundation\/governance\/","og_locale":"en_US","og_type":"article","og_title":"Foundation governance | Fondation Pierre Fabre","og_description":"Fondation is overseen by a Board of Directors that meets at least twice annually. The Board establishes guidelines and approves strategic projects.","og_url":"https:\/\/www.fondationpierrefabre.org\/en\/the-foundation\/governance\/","og_site_name":"Fondation Pierre Fabre","article_publisher":"https:\/\/www.facebook.com\/FondationPierreFabre\/","article_modified_time":"2026-01-15T13:52:04+00:00","og_image":[{"width":240,"height":60,"url":"https:\/\/www.fondationpierrefabre.org\/wp-content\/uploads\/sites\/2\/2018\/04\/fondation-pierre-fabre-logo.png","type":"image\/png"}],"twitter_card":"summary_large_image","twitter_site":"@FondationPFabre","twitter_misc":{"Est. reading time":"7 minutes"},"schema":{"@context":"https:\/\/schema.org","@graph":[{"@type":"WebPage","@id":"https:\/\/www.fondationpierrefabre.org\/en\/the-foundation\/governance\/","url":"https:\/\/www.fondationpierrefabre.org\/en\/the-foundation\/governance\/","name":"Foundation governance | Fondation Pierre Fabre","isPartOf":{"@id":"https:\/\/www.fondationpierrefabre.org\/fr\/#website"},"datePublished":"2018-05-02T22:20:21+00:00","dateModified":"2026-01-15T13:52:04+00:00","description":"Fondation is overseen by a Board of Directors that meets at least twice annually. The Board establishes guidelines and approves strategic projects.","breadcrumb":{"@id":"https:\/\/www.fondationpierrefabre.org\/en\/the-foundation\/governance\/#breadcrumb"},"inLanguage":"en-US","potentialAction":[{"@type":"ReadAction","target":["https:\/\/www.fondationpierrefabre.org\/en\/the-foundation\/governance\/"]}]},{"@type":"BreadcrumbList","@id":"https:\/\/www.fondationpierrefabre.org\/en\/the-foundation\/governance\/#breadcrumb","itemListElement":[{"@type":"ListItem","position":1,"name":"","item":"https:\/\/www.fondationpierrefabre.org\/en\/"},{"@type":"ListItem","position":2,"name":"The Foundation","item":"https:\/\/www.fondationpierrefabre.org\/en\/the-foundation\/"},{"@type":"ListItem","position":3,"name":"Foundation governance"}]},{"@type":"WebSite","@id":"https:\/\/www.fondationpierrefabre.org\/fr\/#website","url":"https:\/\/www.fondationpierrefabre.org\/fr\/","name":"Fondation Pierre Fabre","description":"Acc\u00e8s aux soins de qualit\u00e9 pour tous","publisher":{"@id":"https:\/\/www.fondationpierrefabre.org\/fr\/#organization"},"potentialAction":[{"@type":"SearchAction","target":{"@type":"EntryPoint","urlTemplate":"https:\/\/www.fondationpierrefabre.org\/fr\/?s={search_term_string}"},"query-input":{"@type":"PropertyValueSpecification","valueRequired":true,"valueName":"search_term_string"}}],"inLanguage":"en-US"},{"@type":"Organization","@id":"https:\/\/www.fondationpierrefabre.org\/fr\/#organization","name":"Fondation Pierre Fabre","alternateName":"FPF","url":"https:\/\/www.fondationpierrefabre.org\/fr\/","logo":{"@type":"ImageObject","inLanguage":"en-US","@id":"https:\/\/www.fondationpierrefabre.org\/fr\/#\/schema\/logo\/image\/","url":"https:\/\/www.fondationpierrefabre.org\/wp-content\/uploads\/sites\/2\/2020\/03\/FPF_Logo500.png","contentUrl":"https:\/\/www.fondationpierrefabre.org\/wp-content\/uploads\/sites\/2\/2020\/03\/FPF_Logo500.png","width":500,"height":155,"caption":"Fondation Pierre Fabre"},"image":{"@id":"https:\/\/www.fondationpierrefabre.org\/fr\/#\/schema\/logo\/image\/"},"sameAs":["https:\/\/www.facebook.com\/FondationPierreFabre\/","https:\/\/x.com\/FondationPFabre","https:\/\/www.linkedin.com\/company\/fondation_pierrefabre\/","https:\/\/www.youtube.com\/channel\/UCSTB8YVIiEnbarvfFcQ-4UA"]}]}},"_links":{"self":[{"href":"https:\/\/www.fondationpierrefabre.org\/en\/wp-json\/wp\/v2\/pages\/3074","targetHints":{"allow":["GET"]}}],"collection":[{"href":"https:\/\/www.fondationpierrefabre.org\/en\/wp-json\/wp\/v2\/pages"}],"about":[{"href":"https:\/\/www.fondationpierrefabre.org\/en\/wp-json\/wp\/v2\/types\/page"}],"author":[{"embeddable":true,"href":"https:\/\/www.fondationpierrefabre.org\/en\/wp-json\/wp\/v2\/users\/2"}],"replies":[{"embeddable":true,"href":"https:\/\/www.fondationpierrefabre.org\/en\/wp-json\/wp\/v2\/comments?post=3074"}],"version-history":[{"count":11,"href":"https:\/\/www.fondationpierrefabre.org\/en\/wp-json\/wp\/v2\/pages\/3074\/revisions"}],"predecessor-version":[{"id":19384,"href":"https:\/\/www.fondationpierrefabre.org\/en\/wp-json\/wp\/v2\/pages\/3074\/revisions\/19384"}],"up":[{"embeddable":true,"href":"https:\/\/www.fondationpierrefabre.org\/en\/wp-json\/wp\/v2\/pages\/3056"}],"wp:attachment":[{"href":"https:\/\/www.fondationpierrefabre.org\/en\/wp-json\/wp\/v2\/media?parent=3074"}],"wp:term":[{"taxonomy":"category","embeddable":true,"href":"https:\/\/www.fondationpierrefabre.org\/en\/wp-json\/wp\/v2\/categories?post=3074"},{"taxonomy":"post_tag","embeddable":true,"href":"https:\/\/www.fondationpierrefabre.org\/en\/wp-json\/wp\/v2\/tags?post=3074"}],"curies":[{"name":"wp","href":"https:\/\/api.w.org\/{rel}","templated":true}]}}